{"id":2551,"date":"2024-02-21T18:51:37","date_gmt":"2024-02-21T16:51:37","guid":{"rendered":"https:\/\/stejarii.ro\/?page_id=2551"},"modified":"2025-03-25T19:07:49","modified_gmt":"2025-03-25T17:07:49","slug":"stejarii-app-termeni-si-conditii","status":"publish","type":"page","link":"https:\/\/dev.stejarii.ro\/ro\/stejarii-app-termeni-si-conditii\/","title":{"rendered":"Stejarii App &#8211; Termeni si conditii"},"content":{"rendered":"<section class=\"l-section wpb_row height_medium\"><div class=\"l-section-h i-cf\"><div class=\"g-cols vc_row via_flex valign_top type_default stacking_default\"><div class=\"vc_col-sm-12 wpb_column vc_column_container\"><div class=\"vc_column-inner\"><div class=\"wpb_wrapper\"><div class=\"wpb_text_column\"><div class=\"wpb_wrapper\"><h1 style=\"text-align: center;\"><strong>TERMENI \u0218I CONDI\u021aII<\/strong><\/h1>\n<h3 style=\"text-align: center;\"><strong>Aplica\u021bia Mobil\u0103 Stejarii<\/strong><\/h3>\n<p style=\"text-align: center;\"><strong>Stejarii \u2013 Clubul Reziden\u0163ial &amp; Stejarii Collection<\/strong><\/p>\n<p>Bine a\u021bi venit \u00een aplica\u021bia mobil\u0103 Stejarii!<\/p>\n<p>V\u0103 invitam s\u0103 citi\u021bi cu aten\u021bie atat Termenii si Conditiile, cat si Politica de Confidentialitate referitoare la modul in care sunt prelucrate datele cu caracter personal in contextul utilizarii aplicatiei si care poate fi consultata <a href=\"https:\/\/stejarii.ro\/stejarii-app-politica-de-confidentialitate\/\">AICI<\/a>. Aceste documente reglementeaza atat modul de utilizare a Aplicatiei, cat si relatia cu utilizatorii acesteia.<\/p>\n<p>Designul si continutul aplicatiei <strong>STEJARII<\/strong> apartin in exclusivitate societatii <strong>MASTERANGE ROMANIA S.R.L<\/strong>. (denumita\u00a0 in continuare <strong>\u201cMasterange\u201d,<\/strong> cu sediul social in \u015eos. Nordului, 24-26, sector 1, Bucure\u015fti, inregistrata la Oficiul Registrului Comertului de pe langa Tribunalul Bucuresti sub numarul J40\/3330\/2003, avand CUI 15262492, atribut fiscal RO si sunt protejate de legislatia privind proprietatea intelectuala.<\/p>\n<h5><strong>I. DEFINITII<\/strong><\/h5>\n<p>Termenul <strong>\u201cAplicatie\u201d<\/strong> folosit in acest document se refera la aplicatia mobila <strong>STEJARII<\/strong> pusa la dispozitia rezidentilor din Stejarii \u2013 Clubul Rezidential si Stejarii Collection si a invitatilor acestora.<\/p>\n<p><strong>Utilizator<\/strong> \u2013 persoana fizica care are sau obtine acces la Continut, prin mijloacele de comunicare puse la dispozitie de catre <strong>Masterange<\/strong> (electronic) in cadrul Aplicatiei, respectiv rezidentul din <strong>Stejarii \u2013 Clubul Rezidential si\/sau Stejarii Collection<\/strong> si invitatii sai \u2013 adulti si\/sau copii.<\/p>\n<p><strong>Cont<\/strong> \u2013 sectiune din aplicatie formata dintr-o adresa de e-mail si o parola care permite utilizatorului, dupa caz, accesul, vizualizarea, consultarea, evaluarea, interogarea informatiilor si transmiterea solicitarii si care contine informatii puse la dispozitie de catre acesta.<\/p>\n<p>Pentru utilizarea Aplica\u021biei Stejarii exist\u0103 mai multe tipuri de Conturi (contul reprezint\u0103 calea de acces \u00een Aplica\u021bia Stejarii, respectiv Cont Adult) \u0219i Conturi Asociate (i.e. Cont Copil, Cont Pet):<\/p>\n<ul>\n<li><strong>Cont Adult<\/strong> \u2013 poate fi creat \u0219i utilizat de Locatar (titularul contractului de \u00eenchiriere\/reprezentantul locatarului persoan\u0103 juridic\u0103, av\u00e2nd calitatea de reprezentant legal\/conven\u021bional\/angajat\/mandatar \u0219i care este concomitent titularul dreptului de a utiliza unitatea locativ\u0103 conform contractului de \u00eenchiriere) \u0219i\/sau de Ocupantul persoan\u0103 fizic\u0103, c\u0103ruia Locatarul i-a acordat dreptul de a utiliza unitatea locativ\u0103 conform contractului de \u00eenchiriere (\u00een continuare \u201dAdult\u201d);<\/li>\n<li><strong>Cont Copil<\/strong> \u2013 poate fi creat prin trimiterea unei invitatii de c\u0103tre titularul unui Cont Adult \u0219i poate fi utilizat de copilul c\u0103ruia Adultul \u00een calitate de p\u0103rinte\/tutore\/reprezentant legal a decis s\u0103 \u00eei acorde dreptul sa creeze un cont \u00een Aplica\u021bia Stejarii (\u201eCopil\u201d).<\/li>\n<li><strong>Cont Pet<\/strong> \u2013 poate fi creat \u015fi gestionat de c\u0103tre un Cont Adult \u0219i include informatii despre animalul de companie al Adultului.<\/li>\n<\/ul>\n<p>Adultul va deschide un Cont Adult:<\/p>\n<ul>\n<li>in Aplicatia descarcata pe propriul dispozitiv, prin parcurgerea pasilor corespunzatori, si ulterior prin adresarea unei solicitari catre Biroul Concierge.<\/li>\n<li>ca urmare a primirii unei invitatii din partea unui alt Cont Adult, prin introducerea in Aplicatia descarcata a codului unic primit de la pe adresa de e-mail indicata in invitatia primita.<\/li>\n<\/ul>\n<p>Titularul unui Cont Adult poate deschide de asemenea un Cont Pet, dedicat animalului de companie.<\/p>\n<p>Titularul Contului Adult este responsabil pentru transmiterea invitatiei pentru crearea Contului Adult de catre persoana adult invitata (fie un ocupant al imobilului, fie o alta persoana imputernicita de rezident pentru a avea acces la functionalitatiel Aplicatiei). De asemenea, prin crearea Contului Adult, titularul acestuia va avea acces la functionalitatile Aplicatiei. Titularul Contului Adult este responsabil fata de <strong>Masterange<\/strong> pentru toate actiunile intreprinse prin accesarea functionalitatilor Aplicatiei (inclusiv dar nelimitat la posibilitatea de deblocare usa \u2013 accesul in imobilul unde este situat apartamentul inchiriat de rezident, efectuarea unei sesizari catre Biroul Concierge si suportarea, dupa caz, a costurilor aferente, etc.). Locatarul \u2013 titular al Contului Adult se obliga sa informeze fara intarziere <strong>Masterange<\/strong> &#8211; Biroul Concierge cu privire la retragerea dreptului de acces \u00een incinta complexului\/blocului a unui Adult, atunci c\u00e2nd se ive\u0219te o astfel de situa\u021bie (de exemplu, nu mai locuie\u0219te \u00een Stejarii)., in caz contrar fiind raspunzator pentru toate si oricare actiuni ale acestuia efectuate prin intermediul Aplicatiei.<\/p>\n<p>Titularul Contului Adult, prin transmiterea invitatiei pentru crearea Contului Copil, declara ca este parintele\/reprezentantul legal (de ex. Tutore) al copilului caruia ii permite crearea Contului Copil, cu acces la o serie limitata de functionalitati si actiuni in contexul utilizarii Aplicatii, respectiv: deblocare u\u0219\u0103, evenimente care sunt adresate \u00eentregii comunit\u0103\u021bi indiferent de v\u00e2rst\u0103, program privilege, oferte \u0219i servicii. De asemenea, rezidentul titular al Contului Adult este responsabil fata de <strong>Masterange<\/strong> pentru toate actiunile intreprinse de catre copil prin accesarea functionalitatilor Aplicatiei disponbile pentru Contul Copil, si se obliga sa informeze fara intarziere <strong>Masterange<\/strong> in ceea ce priveste incetarea\/retragerea accesului copilului la functionalitatile Aplicatiei, in caz contrar fiind raspunzator pentru toate si oricare actiuni ale acestuia efectuate prin intermediul Aplicatiei.<\/p>\n<p>Prin <strong>\u201eContinut\u201d<\/strong> intelegem:<\/p>\n<ul>\n<li>toate informatiile din aplicatie care pot fi vizualizate, respectiv accesate si folosite prin utilizarea Aplicatiei;<\/li>\n<li>posibilitatea deblocarii (deschiderii) usii blocului in care rezidentul are inchiriat un apartament, precum si a accesului pietonal in <strong>Stejarii \u2013 Clubul Rezidential si Stejarii Collection<\/strong> (turnicheti), conform procedurii de permitere a accesului prin intermediul Aplicatiei;<\/li>\n<li>serviciile Concierge oferite de catre <strong>Masterange<\/strong> in cadrul <strong>Stejarii \u2013 Clubul Rezidential si Stejarii Collection<\/strong>, respectiv: initierea de sesizari, apelarea Biroului Concierge, oferirea de feedback cu privire la serviciile prestate, comandarea unui taxi (Black Cab) sau rezervarea unui shuttle bus catre Aeroportul Otopeni;<\/li>\n<li>Beneficiile oferite prin Programul Privilege destinat rezidentilor din <strong>Stejarii \u2013 Clubul Rezidential si Stejarii Collection<\/strong> (inclusiv inrolarea in acest program);<\/li>\n<li>Informatii legate de produsele, evenimentele, nout\u0103\u0163ile (administrative), ofertele speciale (cumparaturi, restaurante, educatie), serviciile disponibile intr-o anumita perioada;<\/li>\n<li>Evenimentele de interes organizate in beneficiul rezidentilor din <strong>Stejarii \u2013 Clubul Rezidential si Stejarii Collection<\/strong>.<\/li>\n<\/ul>\n<p><strong>Date cu caracter personal<\/strong> \u2013 orice informa\u0163ii privind o persoan\u0103 fizic\u0103 identificat\u0103 sau identificabil\u0103 (&#8220;persoana vizat\u0103&#8221;); o persoan\u0103 fizic\u0103 identificabil\u0103 este o persoan\u0103 care poate fi identificat\u0103, direct sau indirect, \u00een special prin referire la un element de identificare, cum ar fi un nume, un num\u0103r de identificare, date de localizare, un identificator online, sau la unul sau mai multe elemente specifice, proprii identit\u0103\u0163ii sale. Va rugam sa consultati Politica de confiden\u0163ialitate privind Datele Personale disponibil\u0103 AICI pentru a consulta detalii privind datele pe care le prelucram.<\/p>\n<h5><strong>II. ACCEPTAREA \u201cTERMENILOR SI CONDITIILOR\u201d<\/strong><\/h5>\n<p>Inainte de a utiliza aplicatia mobila Stejarii va rugam sa cititi cu atentie prevederile din prezentul document. Ele stabilesc termenii si conditiile utilizarii de catre dumneavoastra a tuturor materialelor care alcatuiesc aplicatia mobila Stejarii. Accesarea si utilizarea Aplicatiei presupun acceptarea Termenilor si Conditiilor publicate, toate acestea avand valoare contractuala deplina intre parti. De asemenea, va rugam sa cititi Politica de confiden\u0163ialitate, intrucat prevede informatiile relevante cu privire la prelucrarea datelor dvs. Cu caracter personal in calitate de Utilizatori ai Aplicatiei Stejarii.<\/p>\n<p><strong>Masterange<\/strong> isi rezerva dreptul de a modifica in orice moment continutul Aplicatiei. In aceasta situatie, <strong>Masterange<\/strong> va instiinta utilizatorii prin afisarea schimbarilor pe o pagina sau mesaj ce va aparea in momentul accesarii Aplicatiei. Folosirea in continuare a Aplicatiei de catre utilizator constituie un raspuns afirmativ de acceptare a modificarilor aduse acesteia.<\/p>\n<h5><strong>III. CONTINUTUL APLICATIEI<\/strong><\/h5>\n<p>Continutul, astfel cum este definit, incluzand dar nelimitandu-se la logo-uri, reprezentari stilizate, simboluri comerciale, imagini statice, imagini dinamice, text si\/sau continut multimedia prezentate in Aplicatie, sunt proprietatea exclusiva a Societatii<strong> Masterange<\/strong>, acesteia fiindu-i rezervate toate drepturile obtinute in acest sens, in mod direct sau indirect (prin licente de utilizare si\/sau publicare).<\/p>\n<p>Utilizatorilor nu le este permisa copierea, distribuirea, publicarea, transferul catre terte parti, modificarea si\/sau alterarea in alt mod, utilizarea, expunerea, includerea oricarui continut in orice alt context decat cel original.<\/p>\n<p>Informatiile publicate in Aplicatia Stejarii sunt informatii de interes general despre <strong>Masterange, <\/strong>produsele comercializate de partenerii sai, precum si alte informatii considerate de <strong>Masterange<\/strong> ca fiind de interes pentru utilizatorii Aplicatiei mobile, rezidenti ai <strong>Stejarii Clubul Rezidential Stejarii Collection<\/strong> si invitatii acestora.<\/p>\n<p><strong>Masterange<\/strong> isi rezerva dreptul sa completeze si sa modifice orice informatie din aplicatia mobila Stejarii.<\/p>\n<p><strong>Masterange<\/strong> isi rezerva dreptul de a corecta eventuale omisiuni sau erori in afisare care pot surveni in urma unor greseli de dactilografiere, lipsa de acuratete sau erori ale produselor software, fara a anunta in prealabil.<\/p>\n<h5><strong>IV. COPYRIGHT<\/strong><\/h5>\n<p>Continutul aplicatiei mobile Stejarii \u2013 imagini, texte, grafice, simboluri, elemente de grafica WEB, scripturi, programe si alte date \u2013 este proprietatea Societatii <strong>Masterange<\/strong> si a furnizorilor sai si este aparat de legea pentru protectia drepturilor de autor.<\/p>\n<p>Prin urmare, folosirea in scopuri comerciale, fara acordul <strong>\u00a0Masterange,<\/strong> a oricaruia dintre elementele enumerate mai sus se pedepseste conform legilor in vigoare.<\/p>\n<h5><strong>V. ACCES<\/strong><\/h5>\n<p>Utilizarea aplicatiei mobile Stejarii este dedicata exclusiv rezidentilor <strong>Stejarii Clubul Rezidential si Stejarii Collection, <\/strong>precum si a invitatilor acestora (inclusiv copil) pe baza unui user si a unei parole, dupa acceptarea termenilor si conditiilor de utilizare, precum si dupa citirea Politicii de confidentialitate.<\/p>\n<h5><strong>VI. LEGATURI<\/strong><\/h5>\n<p>Aplicatia mobila Stejarii poate gazdui legaturi (link-uri) catre alte site-uri World Wide Web sau alte resurse. Raspunderea pentru aceste site-uri o poarta in intregime proprietarii acestora.<\/p>\n<p><strong>Masterange<\/strong> nu isi asuma responsabilitatea pentru nicio paguba sau pierdere cauzata sau presupusa a fi cauzata de informatiile furnizate de site-urile sau resursele spre care trimit aceste link-uri.<\/p>\n<h5><strong>VII. DECLINAREA RESPONSABILITATII<\/strong><\/h5>\n<p>O parte din continutul aplicatiei mobile Stejarii respectiv textele, descrierile produselor, caracteristicile lor tehnice, imaginile si simbolurile lor, este pusa la dispozitia noastra de producatorii si furnizorii parteneri. Din acest motiv, <strong>Masterange<\/strong> nu isi asuma responsabilitatea pentru prejudiciile create de erorile, lipsa de acuratete sau neactualizarea informatiilor publicate sau mentinute in Aplicatie.<\/p>\n<p>Imaginile prezentate in aplicatia mobila Stejarii au rol exemplificativ, iar produsele si\/sau serviciile efectiv livrate pot fi diferite comparativ cu imaginile existente in Aplicatie, in orice mod (configurare, culoare, accesorii, aspect, ambient, etc.)<\/p>\n<p><strong>Masterange<\/strong> nu garanteaza disponibilitatea in stocuri a tuturor produselor afisate in promotiile disponibile in Aplicatia Stejarii.<\/p>\n<p><strong>Masterange<\/strong> nu este responsabila pentru greselile de tiparire sau afisare a preturilor, caracteristicilor, imaginilor produsele sau serviciilor afisate in Aplicatia Stejarii.<\/p>\n<p><strong>Masterange<\/strong> nu raspunde pentru pagubele, costurile, procesele, pretentiile sau cheltuielile aparute ca urmare a nerespectarii de catre utilizatori a \u201cTermenilor si conditiilor\u201d.<\/p>\n<p><strong>Masterange<\/strong> nu raspunde pentru prejudiciile create ca urmare a nefunctionarii Aplicatiei precum si pentru cele rezultand din imposibilitatea de accesare a anumitor link-uri afisate pe acestea.<\/p>\n<h5><strong>VIII. FRAUDA<\/strong><\/h5>\n<p>ORICE INCERCARE DE A ACCESA DATELE PERSONALE ALE ALTUI UTILIZATOR, DE A MODIFICA CONTINUTUL Aplicatiei Stejarii SAU DE A AFECTA FUNCTIONAREA ORIC\u0102RUI SERVER CARE GAZDUIE\u015eTE APLICATIA VA FI CONSIDERATA O TENTATIVA DE FRAUDARE A ACESTEIA SI VA PUTEA AVEA DREPT CONSECINTA ATRAGEREA R\u0102SPUNDERII AUTORULUI SAU AUTORILOR ACESTOR FAPTE.<\/p>\n<p>IN CAZUL IN CARE NU AGREATI CONDITIILE SI TERMENII PREZENTULUI DOCUMENT VA RUGAM SA NU ACCESA\u0162I Aplicatia Stejarii.<\/p>\n<\/div><\/div><\/div><\/div><\/div><\/div><\/div><\/section>","protected":false},"excerpt":{"rendered":"TERMENI \u0218I CONDI\u021aII Aplica\u021bia Mobil\u0103 Stejarii Stejarii \u2013 Clubul Reziden\u0163ial &amp; Stejarii Collection Bine a\u021bi venit \u00een aplica\u021bia mobil\u0103 Stejarii! V\u0103 invitam s\u0103 citi\u021bi cu aten\u021bie atat Termenii si Conditiile, cat si Politica de Confidentialitate referitoare la modul in care sunt prelucrate datele cu caracter personal in contextul utilizarii aplicatiei si care poate fi consultata...","protected":false},"author":2,"featured_media":0,"parent":0,"menu_order":0,"comment_status":"closed","ping_status":"closed","template":"","meta":{"_acf_changed":false,"_lmt_disableupdate":"no","_lmt_disable":"","footnotes":""},"class_list":["post-2551","page","type-page","status-publish","hentry"],"acf":[],"_links":{"self":[{"href":"https:\/\/dev.stejarii.ro\/ro\/wp-json\/wp\/v2\/pages\/2551","targetHints":{"allow":["GET"]}}],"collection":[{"href":"https:\/\/dev.stejarii.ro\/ro\/wp-json\/wp\/v2\/pages"}],"about":[{"href":"https:\/\/dev.stejarii.ro\/ro\/wp-json\/wp\/v2\/types\/page"}],"author":[{"embeddable":true,"href":"https:\/\/dev.stejarii.ro\/ro\/wp-json\/wp\/v2\/users\/2"}],"replies":[{"embeddable":true,"href":"https:\/\/dev.stejarii.ro\/ro\/wp-json\/wp\/v2\/comments?post=2551"}],"version-history":[{"count":8,"href":"https:\/\/dev.stejarii.ro\/ro\/wp-json\/wp\/v2\/pages\/2551\/revisions"}],"predecessor-version":[{"id":3394,"href":"https:\/\/dev.stejarii.ro\/ro\/wp-json\/wp\/v2\/pages\/2551\/revisions\/3394"}],"wp:attachment":[{"href":"https:\/\/dev.stejarii.ro\/ro\/wp-json\/wp\/v2\/media?parent=2551"}],"curies":[{"name":"wp","href":"https:\/\/api.w.org\/{rel}","templated":true}]}}