{"id":3371,"date":"2025-03-25T12:22:38","date_gmt":"2025-03-25T10:22:38","guid":{"rendered":"https:\/\/stejarii.ro\/?page_id=3371"},"modified":"2025-03-25T18:45:13","modified_gmt":"2025-03-25T16:45:13","slug":"stejarii-app-regulament-acces-complimentar-shiseido-spa","status":"publish","type":"page","link":"https:\/\/dev.stejarii.ro\/ro\/stejarii-app-regulament-acces-complimentar-shiseido-spa\/","title":{"rendered":"Stejarii App &#8211; Regulament acces complimentar @Shiseido SPA"},"content":{"rendered":"<section class=\"l-section wpb_row height_medium\"><div class=\"l-section-h i-cf\"><div class=\"g-cols vc_row via_flex valign_top type_default stacking_default\"><div class=\"vc_col-sm-12 wpb_column vc_column_container\"><div class=\"vc_column-inner\"><div class=\"wpb_wrapper\"><div class=\"wpb_text_column\"><div class=\"wpb_wrapper\"><h3 style=\"text-align: center;\"><strong>REGULAMENT PRIVIND PROCEDURA DE REZERVARE A SERVICIILOR DE MASAJ SI TERAPIE, PRIN INTERMEDIUL APLICATIEI STEJARII, <\/strong><strong>DISPONIBILE PREFERENTIAL LA STEJARII COUNTRY CLUB <\/strong><strong>2025\/2026<\/strong><\/h3>\n<p><strong> Data adopt\u0103rii: 25.03.2025<\/strong><\/p>\n<p><strong>Beneficiarul<\/strong> aplicatiei Stejarii este <strong>MASTERANGE ROMANIA S.R.L.<\/strong> (cu sediul in Bucuresti, Sectorul 1, Sos. Nordului nr. 24-26, etaj 2, cam. 25, inregistrata la Registrul Comertului Bucuresti sub nr. J2003003330402, cod unic de inregistrare 15262492), in calitate de proprietar si operator al complexurilor rezidentiale \u201e<strong>Clubul Rezidential Stejarii<\/strong>\u201d, respectiv \u201e<strong>Stejarii Collection<\/strong>\u201d, situate in Bucuresti, Sectorul 1, str Jandarmeriei nr. 14 \u0219i 14B (denumit in continuare \u201e<strong>Masterange<\/strong>\u201d).<\/p>\n<p>Pentru a consolida rela\u021bia cu clien\u021bii s\u0103i, <strong>Masterange<\/strong> ofera <strong>Reziden\u021bilor (denumi\u021bi \u00een continuare \u201c<em>Utilizatori<\/em>\u201d)<\/strong> din cadrul proiectelor imobiliare <em>Clubul Rezidential Stejarii<\/em> \u0219i <em>Stejarii Collection (denumite \u00een continuare \u00eempreun\u0103 \u201c<strong>Stejarii<\/strong>\u201d)<\/em> acces la anumite facilit\u0103\u021bi ale <em>Stejarii Country Club<\/em>, \u00een condi\u021biile stabilite prin prezentul Regulament.<\/p>\n<p><strong>Articolul 1: Obiectul Regulamentului<\/strong><\/p>\n<ol>\n<li>Prezentul regulament stabileste termenii si conditiile de rezervare a serviciilor de masaj si terapie disponibile prin aplicatia Stejarii, destinate exclusiv Reziden\u021bilor Stejarii, utilizatori ai aplica\u021biei Stejarii.<\/li>\n<li>Rezidentii din Stejarii, utilizatori ai aplicatiei Stejarii, care au varsta peste 18 ani pot beneficia, \u00een mod gratuit, de anumite pachete de servicii (sesiuni faciale sau corporale) in cadrul Shiseido Spa la Stejarii Country Club, in anumite date si intervale orare, pe baza solicitarii de rezervare prealabile efectuate de Rezidentul respectiv si alocate in aplicatia Stejarii.<\/li>\n<li>Regulamentul detaliaza modul in care Utilizatorii pot face o solicitare de rezervare pentru sedintele de masaj si terapie, procedurile de alocare a solicitarilor de rezervare pe baza locurilor disponibile si responsabilitatile Utilizatorilor.<\/li>\n<li>Sectiunea\u00a0de rezervari la SPA din aplicatie va fi disponibila\u00a0doar Utilizatorilor cu v\u00e2rsta de peste 18 ani.<\/li>\n<\/ol>\n<p><strong>Articolul 2: Perioadele de \u00censcriere \u0219i Selec\u021bia Sesiunilor SPA<\/strong><\/p>\n<ol>\n<li><strong>Perioada de depunere a cererilor<\/strong> pentru sesiunile SPA din luna urm\u0103toare \u00eencepe la data de <strong>1 ale lunii, ora 08:00<\/strong> \u0219i se \u00eencheie la <strong>7 ale lunii, ora 23:59<\/strong>. Un Utilizator poate depune <strong>o singur\u0103 cerere<\/strong> pentru o sesiune de masaj sau terapie \u00een aceast\u0103 perioad\u0103.<\/li>\n<li><strong>Procesul de atribuire\/confirmare a cererilor depuse<\/strong> \u00eencepe la <strong>8 ale lunii, ora 09:00<\/strong>. Rezerv\u0103rile vor fi atribuite conform urm\u0103toarelor reguli:<\/li>\n<\/ol>\n<ol>\n<li style=\"list-style-type: none;\">\n<ul>\n<li>Se va \u00eencepe cu prima zi de sesiuni disponibile din luna urm\u0103toare.<\/li>\n<li>Cererile vor fi procesate pe baza istoricului de rezerv\u0103ri al Utilizatorilor. Astfel, cererile vor fi atribuite \u00een ordine cronologic\u0103, pe baza num\u0103rului de rezerv\u0103ri anterioare ale fiec\u0103rui Utilizator.<\/li>\n<li>\u00cen cazul \u00een care o sesiune rezervat\u0103 (de exemplu, Masajul Japonez) nu permite simultan rezerv\u0103ri pentru mai mul\u021bi Utilizatori, se va atribui al doilea slot disponibil primului Utilizator care a solicitat o alt\u0103 sesiune de masaj.<\/li>\n<li>Procesul va continua astfel pentru fiecare zi disponibil\u0103 p\u00e2n\u0103 la atribuirea tuturor cererilor.<\/li>\n<\/ul>\n<\/li>\n<\/ol>\n<ol>\n<li><strong>Sesiuni SPA disponibile<\/strong>:<\/li>\n<\/ol>\n<ol>\n<li style=\"list-style-type: none;\">\n<ul>\n<li>Kuroho Body Massage \u2013 60 min<\/li>\n<li>Deep Tissue Massage \u2013 60 min<\/li>\n<li>Lymphatic Drainage \u2013 90 min<\/li>\n<li>Japanese Spa Journey \u2013 120 min<\/li>\n<li>Vital Perfection Facial \u2013 90 min<\/li>\n<\/ul>\n<\/li>\n<\/ol>\n<p>Dac\u0103 sesiunea <strong>Japanese Spa Journey<\/strong> este rezervat\u0103 pentru un anumit slot, aceasta nu va mai fi disponibil\u0103 pentru alt\u0103 selec\u021bie \u00een acela\u0219i interval orar. \u00cen aceste cazuri, alte proceduri pot fi realizate concomitent, dar nu mai mult de dou\u0103 pe slot.<\/p>\n<p><strong>Articolul 3: Notificari si reminder<\/strong><\/p>\n<ol>\n<li>Dup\u0103 finalizarea procesului de atribuire, la data de 8 ale lunii, ora 09:00, Utilizatorii care au avut cererile confirmate vor primi o notificare push prin aplica\u021bie. Utilizatorii care nu au primit confirmarea pentru \u00a0cererea \u00a0depus\u0103 \u00a0vor fi \u00a0notifica\u021bi \u00a0printr-un mesaj \u00a0push c\u0103 \u00a0sesiunea solicitat\u0103<\/li>\n<\/ol>\n<p>nu a fost alocat\u0103 \u0219i, prin urmare, cererea a fost anulat\u0103.<br \/>\nIn sectiunea din aplicatie &#8220;Programarile viitoare&#8221; sunt disponibile informa\u021bii despre rezervarile viitoare.<\/p>\n<ol start=\"2\">\n<li>In sectiunea &#8220;Programarile anterioare&#8221; sunt disponibile informatii despre istoricul rezervarilor.<\/li>\n<li>Indentificarea utilizatorului la data programat\u0103 se va face prin prezentarea codului unic de rezervare generat de aplica\u021bie \u0219i \u00eenregistrat \u00een aceasta, la Concierge \/Receptie Shiseido Spa @ Stejarii Country Club.<\/li>\n<\/ol>\n<p><strong>Articolul 4: Rezervarea locurilor ramase libere<\/strong><\/p>\n<ol>\n<li><strong>Rezerv\u0103ri last-minute:<\/strong> Utilizatorii care nu au ob\u021binut o rezervare confirmat\u0103 sunt \u00eencuraja\u021bi s\u0103 acceseze din nou sec\u021biunea SPA din aplica\u021bie \u0219i s\u0103 rezerve orice sesiuni r\u0103mase disponibile, \u00een sistemul \u201eprimul venit, primul servit\u201d (FIFO). Aceste sesiuni vor fi confirmate instantaneu.<\/li>\n<li><strong>Limit\u0103:<\/strong> Fiecare Utilizator poate face <strong>o singur\u0103 rezervare last-minute<\/strong> pe lun\u0103.<\/li>\n<\/ol>\n<p><strong>Articolul 5: Conditii generale de utilizare<\/strong><strong>\u00a0<\/strong><\/p>\n<ol>\n<li>Utilizatorii trebuie sa respecte termenii si conditiile stabilite de Masterange pentru alocarea unei rezervari.<\/li>\n<li>Utilizatorii trebuie sa respecte termenii si conditiile stabilite de Stejarii Country Club pentru accesarea serviciilor de masaj si terapie rezervate.<\/li>\n<li>Masterange isi rezerva dreptul de a modifica termenele si conditiile de alocare a rezervarilor, aducandu-le la cunostinta Utilizatorilor printr-un act aditional la prezentul Regulament, care va fi pus la dispozi\u021bia acestora prin intermediul aplicatiei.<\/li>\n<\/ol>\n<p><strong>Articolul 6: Responsabilit\u0103\u021bile Utilizatorilor<\/strong><\/p>\n<ol>\n<li><strong>Corectitudinea datelor:<\/strong> Utilizatorii sunt responsabili pentru completarea corect\u0103 a datelor \u00een momentul solicit\u0103rii unei rezerv\u0103ri.<\/li>\n<li><strong>Anularea rezerv\u0103rilor:<\/strong> Utilizatorii pot anula o rezervare online p\u00e2n\u0103 la <strong>5 zile \u00eenainte de data program\u0103rii<\/strong>, prin aplica\u021bie. Dup\u0103 aceast\u0103 perioad\u0103, anul\u0103rile pot fi f\u0103cute doar telefonic, prin intermediul Concierge.<\/li>\n<li><strong>Restric\u021bionarea utilizatorilor:<\/strong> \u00cen cazul \u00een care un Utilizator anuleaz\u0103 o rezervare cu mai pu\u021bin de 24 de ore \u00eenainte de ora programat\u0103 sau nu se prezint\u0103 la sesiune, acesta va fi restric\u021bionat de la efectuarea altor rezerv\u0103ri \u0219i va fi blocat automat \u00een aplica\u021bie.<\/li>\n<li><strong>Respectarea reglement\u0103rilor interne ale Stejarii Country Club:<\/strong> Utilizatorii trebuie s\u0103 se conformeze reglement\u0103rilor interne ale Stejarii Country Club pentru a beneficia de sesiunile programate, conform termenelor stabilite.<\/li>\n<\/ol>\n<p><strong>Articolul 7: Dispozi\u021bii Finale<\/strong><\/p>\n<ol>\n<li><strong>Disponibilitatea regulamentului:<\/strong> Prezentul regulament va fi disponibil \u00een aplica\u021bia Stejarii, iar utilizatorii vor fi notifica\u021bi prin aplica\u021bie cu privire la orice modificare adus\u0103 regulamentului.<\/li>\n<\/ol>\n<\/div><\/div><\/div><\/div><\/div><\/div><\/div><\/section>","protected":false},"excerpt":{"rendered":"REGULAMENT PRIVIND PROCEDURA DE REZERVARE A SERVICIILOR DE MASAJ SI TERAPIE, PRIN INTERMEDIUL APLICATIEI STEJARII, DISPONIBILE PREFERENTIAL LA STEJARII COUNTRY CLUB 2025\/2026 Data adopt\u0103rii: 25.03.2025 Beneficiarul aplicatiei Stejarii este MASTERANGE ROMANIA S.R.L. (cu sediul in Bucuresti, Sectorul 1, Sos. Nordului nr. 24-26, etaj 2, cam. 25, inregistrata la Registrul Comertului Bucuresti sub nr. J2003003330402, cod...","protected":false},"author":2,"featured_media":0,"parent":0,"menu_order":0,"comment_status":"closed","ping_status":"closed","template":"","meta":{"_acf_changed":false,"_lmt_disableupdate":"no","_lmt_disable":"","footnotes":""},"class_list":["post-3371","page","type-page","status-publish","hentry"],"acf":[],"_links":{"self":[{"href":"https:\/\/dev.stejarii.ro\/ro\/wp-json\/wp\/v2\/pages\/3371","targetHints":{"allow":["GET"]}}],"collection":[{"href":"https:\/\/dev.stejarii.ro\/ro\/wp-json\/wp\/v2\/pages"}],"about":[{"href":"https:\/\/dev.stejarii.ro\/ro\/wp-json\/wp\/v2\/types\/page"}],"author":[{"embeddable":true,"href":"https:\/\/dev.stejarii.ro\/ro\/wp-json\/wp\/v2\/users\/2"}],"replies":[{"embeddable":true,"href":"https:\/\/dev.stejarii.ro\/ro\/wp-json\/wp\/v2\/comments?post=3371"}],"version-history":[{"count":5,"href":"https:\/\/dev.stejarii.ro\/ro\/wp-json\/wp\/v2\/pages\/3371\/revisions"}],"predecessor-version":[{"id":3397,"href":"https:\/\/dev.stejarii.ro\/ro\/wp-json\/wp\/v2\/pages\/3371\/revisions\/3397"}],"wp:attachment":[{"href":"https:\/\/dev.stejarii.ro\/ro\/wp-json\/wp\/v2\/media?parent=3371"}],"curies":[{"name":"wp","href":"https:\/\/api.w.org\/{rel}","templated":true}]}}