{"id":3748,"date":"2025-09-05T15:45:35","date_gmt":"2025-09-05T12:45:35","guid":{"rendered":"https:\/\/stejarii.ro\/?page_id=3748"},"modified":"2025-09-05T19:07:48","modified_gmt":"2025-09-05T16:07:48","slug":"event-fedback","status":"publish","type":"page","link":"https:\/\/dev.stejarii.ro\/ro\/event-fedback\/","title":{"rendered":"Survey &#8211; Join event RR-Stejarii &#8211; Matca"},"content":{"rendered":"<section class=\"l-section wpb_row us_custom_694efce1 height_small\" id=\"headeR\"><div class=\"l-section-h i-cf\"><div class=\"g-cols vc_row via_flex valign_top type_default stacking_default\"><div class=\"vc_col-sm-12 wpb_column vc_column_container\"><div class=\"vc_column-inner\"><div class=\"wpb_wrapper\"><div class=\"wpb_text_column us_custom_d35b2071 has_text_color\"><div class=\"wpb_wrapper\"><p class=\"f_size_50\"><b>Stejarii Residential &amp; Range Rover | MATCA Experience.<\/b><\/p>\n<\/div><\/div><div class=\"w-image hide_on_default hide_on_laptops hide_on_tablets hide_on_mobiles align_center\"><div class=\"w-image-h\"><img loading=\"lazy\" decoding=\"async\" width=\"500\" height=\"244\" src=\"https:\/\/dev.stejarii.ro\/wp-content\/uploads\/2022\/11\/img-bbq-party-en.png\" class=\"attachment-us_500_250 size-us_500_250\" alt=\"\" srcset=\"https:\/\/dev.stejarii.ro\/wp-content\/uploads\/2022\/11\/img-bbq-party-en.png 1690w, https:\/\/dev.stejarii.ro\/wp-content\/uploads\/2022\/11\/img-bbq-party-en-300x146.png 300w, https:\/\/dev.stejarii.ro\/wp-content\/uploads\/2022\/11\/img-bbq-party-en-1024x499.png 1024w, https:\/\/dev.stejarii.ro\/wp-content\/uploads\/2022\/11\/img-bbq-party-en-768x374.png 768w, https:\/\/dev.stejarii.ro\/wp-content\/uploads\/2022\/11\/img-bbq-party-en-1536x749.png 1536w, https:\/\/dev.stejarii.ro\/wp-content\/uploads\/2022\/11\/img-bbq-party-en-18x9.png 18w, https:\/\/dev.stejarii.ro\/wp-content\/uploads\/2022\/11\/img-bbq-party-en-370x180.png 370w, https:\/\/dev.stejarii.ro\/wp-content\/uploads\/2022\/11\/img-bbq-party-en-760x371.png 760w, https:\/\/dev.stejarii.ro\/wp-content\/uploads\/2022\/11\/img-bbq-party-en-600x293.png 600w, https:\/\/dev.stejarii.ro\/wp-content\/uploads\/2022\/11\/img-bbq-party-en-800x390.png 800w, https:\/\/dev.stejarii.ro\/wp-content\/uploads\/2022\/11\/img-bbq-party-en-250x122.png 250w, https:\/\/dev.stejarii.ro\/wp-content\/uploads\/2022\/11\/img-bbq-party-en-200x98.png 200w, https:\/\/dev.stejarii.ro\/wp-content\/uploads\/2022\/11\/img-bbq-party-en-500x244.png 500w, https:\/\/dev.stejarii.ro\/wp-content\/uploads\/2022\/11\/img-bbq-party-en-120x59.png 120w\" sizes=\"auto, (max-width: 500px) 100vw, 500px\" \/><\/div><\/div><div class=\"wpb_text_column us_custom_f0928154 has_text_color hide_on_default hide_on_laptops hide_on_tablets hide_on_mobiles\"><div class=\"wpb_wrapper\"><p class=\"\"><strong><span class=\"clr_yellow\">28 septembrie 2024<\/span><br \/>\n18:00 \u2013 22:00<br \/>\n<\/strong><\/p>\n<\/div><\/div><div class=\"g-cols wpb_row us_custom_0f8f44b7 via_flex valign_top type_default stacking_default\"><div class=\"vc_col-sm-2 wpb_column vc_column_container\"><div class=\"vc_column-inner\"><div class=\"wpb_wrapper\"><\/div><\/div><\/div><div class=\"vc_col-sm-8 wpb_column vc_column_container\"><div class=\"vc_column-inner\"><div class=\"wpb_wrapper\"><div class=\"wpb_text_column us_custom_8dfdd15e has_text_color\"><div class=\"wpb_wrapper\"><p style=\"text-align: center;\">Sper\u0103m c\u0103 v-a\u021bi bucurat de experien\u021ba Stejarii Residential &amp; Range Rover | MATCA Experience \u0219i c\u0103 a fost o c\u0103l\u0103torie memorabil\u0103 de rafinament, design \u0219i natur\u0103.<\/p>\n<p><!--\n\n\n\n\n<p class=\"cssEvidentiat\" style=\"text-align: center;\">We, at Stejarii, would like to express our sincere appreciation for all your valuable suggestions and recommendations. They are an essential part of our ongoing efforts to continuously improve the experience we offer to the Stejarii community.<\/p>\n\n\n\n\n--><\/p>\n<\/div><\/div><\/div><\/div><\/div><div class=\"vc_col-sm-2 wpb_column vc_column_container\"><div class=\"vc_column-inner\"><div class=\"wpb_wrapper\"><\/div><\/div><\/div><\/div><\/div><\/div><\/div><\/div><\/div><\/section><section class=\"l-section wpb_row us_custom_e038e7e6 height_small\"><div class=\"l-section-h i-cf\"><div class=\"g-cols vc_row via_flex valign_top type_default stacking_default\"><div class=\"vc_col-sm-12 wpb_column vc_column_container\"><div class=\"vc_column-inner\"><div class=\"wpb_wrapper\"><div class=\"g-cols wpb_row forceCssForm via_flex valign_top type_default stacking_default\"><div class=\"vc_col-sm-2 wpb_column vc_column_container\"><div class=\"vc_column-inner\"><div class=\"wpb_wrapper\"><\/div><\/div><\/div><div class=\"vc_col-sm-8 wpb_column vc_column_container\"><div class=\"vc_column-inner\"><div class=\"wpb_wrapper\"><p style=\"font-size: 48px;color: #ffffff;line-height: 1;text-align: center\" class=\"vc_custom_heading hiddenAll\" >Stejarii 2025 services and events survey<\/p><div class=\"w-separator size_small\"><\/div><div role=\"form\" class=\"wpcf7 us_custom_eebaa28c cssFormsExitInterv\" id=\"wpcf7-f3753-o1\" lang=\"en-US\" dir=\"ltr\">\n<div class=\"screen-reader-response\"><p role=\"status\" aria-live=\"polite\" aria-atomic=\"true\"><\/p> <ul><\/ul><\/div>\n<form action=\"\/ro\/wp-json\/wp\/v2\/pages\/3748#wpcf7-f3753-o1\" method=\"post\" class=\"wpcf7-form init wpcf7-acceptance-as-validation cf7mls-no-moving-animation\" novalidate=\"novalidate\" data-status=\"init\" data-trp-original-action=\"\/ro\/wp-json\/wp\/v2\/pages\/3748#wpcf7-f3753-o1\">\n<div style=\"display: none;\">\n<input type=\"hidden\" name=\"_wpcf7\" value=\"3753\" \/>\n<input type=\"hidden\" name=\"_wpcf7_version\" value=\"5.5.6.1\" \/>\n<input type=\"hidden\" name=\"_wpcf7_locale\" value=\"en_US\" \/>\n<input type=\"hidden\" name=\"_wpcf7_unit_tag\" value=\"wpcf7-f3753-o1\" \/>\n<input type=\"hidden\" name=\"_wpcf7_container_post\" value=\"0\" \/>\n<input type=\"hidden\" name=\"_wpcf7_posted_data_hash\" value=\"\" \/>\n<input type=\"hidden\" name=\"_wpcf7cf_hidden_group_fields\" value=\"[]\" \/>\n<input type=\"hidden\" name=\"_wpcf7cf_hidden_groups\" value=\"[]\" \/>\n<input type=\"hidden\" name=\"_wpcf7cf_visible_groups\" value=\"[]\" \/>\n<input type=\"hidden\" name=\"_wpcf7cf_repeaters\" value=\"[]\" \/>\n<input type=\"hidden\" name=\"_wpcf7cf_steps\" value=\"{}\" \/>\n<input type=\"hidden\" name=\"_wpcf7cf_options\" value=\"{&quot;form_id&quot;:3753,&quot;conditions&quot;:[{&quot;then_field&quot;:&quot;selectresidentials&quot;,&quot;and_rules&quot;:[{&quot;if_field&quot;:&quot;select-complex&quot;,&quot;operator&quot;:&quot;equals&quot;,&quot;if_value&quot;:&quot;Stejarii Residential Club&quot;}]},{&quot;then_field&quot;:&quot;selectcollectionss&quot;,&quot;and_rules&quot;:[{&quot;if_field&quot;:&quot;select-complex&quot;,&quot;operator&quot;:&quot;equals&quot;,&quot;if_value&quot;:&quot;Stejarii Collection&quot;}]},{&quot;then_field&quot;:&quot;-1&quot;,&quot;and_rules&quot;:[{&quot;if_field&quot;:&quot;-1&quot;,&quot;operator&quot;:&quot;equals&quot;,&quot;if_value&quot;:&quot;Others&quot;}]}],&quot;settings&quot;:{&quot;animation&quot;:&quot;yes&quot;,&quot;animation_intime&quot;:200,&quot;animation_outtime&quot;:200,&quot;conditions_ui&quot;:&quot;normal&quot;,&quot;notice_dismissed&quot;:true,&quot;notice_dismissed_update-cf7-5.7.6&quot;:true,&quot;notice_dismissed_update-cf7-6.0&quot;:true}}\" \/>\n<input type=\"hidden\" name=\"remote_ip\" value=\"216.73.217.115\" \/>\n<\/div>\n<div class=\"fieldset-cf7mls-wrapper\" data-transition-effects=\"\"><fieldset class=\"fieldset-cf7mls cf7mls_current_fs\"><div class=\"stepOne-first exit-interview\">\n<!-- stepOne LabOne -->\n    <div class=\"stepOne LabOne\">\n        <h6 class=\"nameClient\">Nume \u0219i Prenume<\/h6>\n        <p><span class=\"wpcf7-form-control-wrap firstLastnameExitI\"><input type=\"text\" name=\"firstLastnameExitI\" value=\"\" size=\"40\" minlength=\"3\" class=\"wpcf7-form-control wpcf7-text wpcf7-validates-as-required\" aria-required=\"true\" aria-invalid=\"false\" placeholder=\"Numele complet\" \/><\/span><\/p>\n    <\/div>\n    <div class=\"stepOne LabTwo\" style=\"margin-top: 30px\">\n        <h6 class=\"emailClient\">Adresa de email<\/h6>\n        <p><span class=\"wpcf7-form-control-wrap emailAddressExitI\"><input type=\"email\" name=\"emailAddressExitI\" value=\"\" size=\"40\" minlength=\"3\" class=\"wpcf7-form-control wpcf7-text wpcf7-email wpcf7-validates-as-required wpcf7-validates-as-email\" aria-required=\"true\" aria-invalid=\"false\" placeholder=\"Adresa ta de email\" \/><\/span><\/p>\n    <\/div>\n    <div class=\"stepOne Seconds\" style=\"margin-top:30px\">\n        <h6 class=\"selectComplex\">Alege complex<\/h6>\n        <p><span class=\"wpcf7-form-control-wrap select-complex\"><select name=\"select-complex\" class=\"wpcf7-form-control wpcf7-select wpcf7-validates-as-required selectComplex\" aria-required=\"true\" aria-invalid=\"false\"><option value=\"\">---<\/option><option value=\"Stejarii Residential Club\">Clubul Rezidential Stejarii<\/option><option value=\"Stejarii Collection\">Stejarii Collection<\/option><\/select><\/span><\/p>\n    <\/div>\n    <!-- start --><!-- -->\n    <!-- --><!-- -->\n    <div class=\"step6 exit-interview\">\n        <div class=\"exit-interview\">\n            <div class=\"divSelectAp\" style=\"display:block!important\">\n        <div data-id=\"selectresidentials\" data-orig_data_id=\"selectresidentials\"  data-class=\"wpcf7cf_group\">\n        <h6 class=\"titleQ\">Va rugam sa introduceti numarul apartamentului*<\/h6><span style=\"display:none\">Clubul Rezidential Stejarii<\/span>\n        <div class=\"inpt-block inlinie\">\n        <label>Bloc <span class=\"wpcf7-form-control-wrap select-block-s\"><select name=\"select-block-s\" class=\"wpcf7-form-control wpcf7-select wpcf7-validates-as-required select-block-ap\" id=\"select-block-ap\" aria-required=\"true\" aria-invalid=\"false\"><option value=\"\">---<\/option><option value=\"1\">1<\/option><option value=\"2\">2<\/option><option value=\"3\">3<\/option><option value=\"4\">4<\/option><option value=\"5\">5<\/option><option value=\"6\">6<\/option><option value=\"7\">7<\/option><option value=\"8\">8<\/option><\/select><\/span><\/label> <\/div>\n        <div class=\"inpt-scara inlinie\">\n            <label>Scara <span class=\"wpcf7-form-control-wrap select-scara-s\"><select name=\"select-scara-s\" class=\"wpcf7-form-control wpcf7-select wpcf7-validates-as-required select-scara-ap\" id=\"select-scara-ap\" aria-required=\"true\" aria-invalid=\"false\"><option value=\"\">---<\/option><option value=\"A\">A<\/option><option value=\"B\">B<\/option><option value=\"C\">C<\/option><\/select><\/span><\/label> <\/div>\n        <div class=\"inpt-ap inlinie\">\n            <label>Apartament <span class=\"wpcf7-form-control-wrap Q12-ap-client-s\"><select name=\"Q12-ap-client-s\" class=\"wpcf7-form-control wpcf7-select wpcf7-validates-as-required select-ap\" id=\"select-ap\" aria-required=\"true\" aria-invalid=\"false\"><option value=\"\">---<\/option><option value=\"1\">1<\/option><option value=\"2\">2<\/option><option value=\"3\">3<\/option><option value=\"4\">4<\/option><option value=\"5\">5<\/option><option value=\"11\">11<\/option><option value=\"12\">12<\/option><option value=\"13\">13<\/option><option value=\"14\">14<\/option><option value=\"15\">15<\/option><option value=\"21\">21<\/option><option value=\"22\">22<\/option><option value=\"23\">23<\/option><option value=\"24\">24<\/option><option value=\"31\">31<\/option><option value=\"32\">32<\/option><option value=\"33\">33<\/option><option value=\"34\">34<\/option><option value=\"41\">41<\/option><\/select><\/span><\/label> <\/div>\n        <\/div>\n        <div data-id=\"selectcollectionss\" data-orig_data_id=\"selectcollectionss\"  data-class=\"wpcf7cf_group\">\n        <h6 class=\"titleQ\">Va rugam sa introduceti numarul apartamentului*<\/h6><span style=\"display:none\">Stejarii Collection<\/span>\n        <div class=\"inpt-block inlinie\">\n            <label>Etaj <span class=\"wpcf7-form-control-wrap select-block-ss\"><select name=\"select-block-ss\" class=\"wpcf7-form-control wpcf7-select wpcf7-validates-as-required select-block-ap\" id=\"select-block-ap\" aria-required=\"true\" aria-invalid=\"false\"><option value=\"\">---<\/option><option value=\"P\">P<\/option><option value=\"1\">1<\/option><option value=\"2\">2<\/option><option value=\"3\">3<\/option><option value=\"4\">4<\/option><option value=\"5\">5<\/option><\/select><\/span><\/label> <\/div>\n        <div class=\"inpt-scara inlinie\">\n            <label>Scara <span class=\"wpcf7-form-control-wrap select-scara-ss\"><select name=\"select-scara-ss\" class=\"wpcf7-form-control wpcf7-select wpcf7-validates-as-required select-scara-ap\" id=\"select-scara-ap\" aria-required=\"true\" aria-invalid=\"false\"><option value=\"\">---<\/option><option value=\"A\">A<\/option><option value=\"B\">B<\/option><option value=\"C\">C<\/option><option value=\"D\">D<\/option><option value=\"E\">E<\/option><option value=\"F\">F<\/option><option value=\"G\">G<\/option><option value=\"H\">H<\/option><option value=\"I\">I<\/option><option value=\"J\">J<\/option><\/select><\/span><\/label> <\/div>\n        <div class=\"inpt-ap inlinie\">\n            <label>Apartament <span class=\"wpcf7-form-control-wrap Q12-ap-client-ss\"><select name=\"Q12-ap-client-ss\" class=\"wpcf7-form-control wpcf7-select wpcf7-validates-as-required select-ap\" id=\"select-ap\" aria-required=\"true\" aria-invalid=\"false\"><option value=\"\">---<\/option><option value=\"1\">1<\/option><option value=\"2\">2<\/option><option value=\"3\">3<\/option><option value=\"4\">4<\/option><\/select><\/span><\/label> <\/div>\n        <\/div>\n        <\/div><\/div>\n        <!-- --><!-- -->\n        <!-- --><!-- END -->\n<div class=\"stepOne LabThree\" style=\"margin-top: 1rem; display: inline-block; width: 100%\"><span class=\"wpcf7-form-control-wrap read-privacy-notice\"><span class=\"wpcf7-form-control wpcf7-acceptance\"><span class=\"wpcf7-list-item\"><label><input type=\"checkbox\" name=\"read-privacy-notice\" value=\"1\" aria-invalid=\"false\" class=\"required\" \/><span class=\"wpcf7-list-item-label\">Am citit <a href=\"https:\/\/stejarii.ro\/wp-content\/uploads\/2025\/04\/Nota-informare-survey_RO.pdf\" target=\"_blank\">Nota de Informare<\/a>.<\/span><\/label><\/span><\/span><\/span><\/div>\n\n        <div class=\"reCaptcha\" style=\"clear:left;\">Acest site este protejat de reCAPTCHA \u0219i de Google. Vezi <a href=\"nota-de-informare-bday-page-ro.pdf\" target=\"_blank\">Politica de Confiden\u021bialitate<\/a> \u0219i <a href=\"https:\/\/policies.google.com\/terms\" target=\"_blank\">Termenii Serviciului<\/a><\/div>\n        <p style=\"position: relative;top: 75px;padding-right: 10rem\">Feedbackul t\u0103u este foarte valoros pentru noi \u0219i te invit\u0103m s\u0103 ne \u00eemp\u0103rt\u0103\u0219e\u0219ti impresiile tale \u0219i s\u0103 r\u0103spunzi la urm\u0103toarele \u00eentreb\u0103ri:<\/p>\n    <\/div>\n<\/div><div class=\"cf7mls-btns\"><button type=\"button\" class=\"cf7mls_next cf7mls_btn action-button\" name=\"cf7mls_next\" id=\"cf7mls-next-btn-cf7mls_step-1\">MAI DEPARTE<img decoding=\"async\" src=\"https:\/\/dev.stejarii.ro\/wp-content\/plugins\/contact-form-7-multi-step-pro\/assets\/frontend\/img\/loader.svg\" alt=\"\" data-lazy-src=\"https:\/\/dev.stejarii.ro\/wp-content\/plugins\/contact-form-7-multi-step-pro\/assets\/frontend\/img\/loader.svg\" style=\"display: none;\" \/><\/button><\/div><p><\/p><\/fieldset><fieldset class=\"fieldset-cf7mls\"><!-- STEP2 -->\n<!-- Q1 -->\n<div class=\"step1 event-feedback\">\n  <h6 class=\"titleQ\">\n    <span>1. Cum a\u021bi evalua <b>experien\u021ba general\u0103<\/b> tr\u0103it\u0103 la eveniment?<\/span> <br \/><!--<span style=\"font-size: 18px\">How would you rate your <b>overall experience<\/b> at the event?<\/span>-->\n    <div target_pos=\"note-how-would-you-rate-your\" class=\"star_rating_class\" score=\"\"><\/div><span  class=\"wpcf7-form-control-wrap note-how-would-you-rate-your\" data-name=\"note-how-would-you-rate-your\"><input type=\"hidden\" name=\"note-how-would-you-rate-your\" class=\"custom_radio_class note-how-would-you-rate-your\" value=\"\"\/><\/span>\n    <span style=\"font-size: 15px; color: #ae9a64; display: block\">1 - Nemultumit, 2 - Neutru, 3 - Satisfacut, 4 - Foarte satisfacut, 5 - Peste asteptari<\/span>\n  <\/h6>\n<\/div>\n<!-- Q2 -->\n<div class=\"step2 event-feedback\">\n  <h6 class=\"titleQ\">\n    <span>2. C\u00e2t de mul\u021bumit(\u0103) a\u021bi fost de modelele <b>Range Rover<\/b> testate?<\/span> <br \/><!--<span style=\"font-size: 18px\">How would you rate your <b>overall experience<\/b> at the event?<\/span>-->\n    <div target_pos=\"note-how-satisf-were-you-with-the-range-rover-model-tested\" class=\"star_rating_class\" score=\"\"><\/div><span  class=\"wpcf7-form-control-wrap note-how-satisf-were-you-with-the-range-rover-model-tested\" data-name=\"note-how-satisf-were-you-with-the-range-rover-model-tested\"><input type=\"hidden\" name=\"note-how-satisf-were-you-with-the-range-rover-model-tested\" class=\"custom_radio_class note-how-satisf-were-you-with-the-range-rover-model-tested\" value=\"\"\/><\/span>\n    <span style=\"font-size: 15px; color: #ae9a64; display: block\">1 - Nemultumit, 2 - Neutru, 3 - Satisfacut, 4 - Foarte satisfacut, 5 - Peste asteptari<\/span>\n<\/div>\n<!-- Q3 -->\n<div class=\"step3 event-feedback\">\n  <h6 class=\"titleQ\">\n    <span>3. Cum vi s-a p\u0103rut <b>workshop-ul de fotografie cu Eduard Aninaru<\/b>?<\/b><\/span> <br \/><!--<span style=\"font-size: 18px\">How would you rate your <b>overall experience<\/b> at the event?<\/span>-->\n    <div target_pos=\"note-how-did-u-find-the-photography-workshop-eduard-aninaru\" class=\"star_rating_class\" score=\"\"><\/div><span  class=\"wpcf7-form-control-wrap note-how-did-u-find-the-photography-workshop-eduard-aninaru\" data-name=\"note-how-did-u-find-the-photography-workshop-eduard-aninaru\"><input type=\"hidden\" name=\"note-how-did-u-find-the-photography-workshop-eduard-aninaru\" class=\"custom_radio_class note-how-did-u-find-the-photography-workshop-eduard-aninaru\" value=\"\"\/><\/span>\n    <span style=\"font-size: 15px; color: #ae9a64; display: block\">1 - Nemultumit, 2 - Neutru, 3 - Satisfacut, 4 - Foarte satisfacut, 5 - Peste asteptari<\/span>\n  <\/h6>\n<\/div>\n<!-- Q4 -->\n<div class=\"step4 event-feedback\">\n  <h6 class=\"titleQ\">\n    <span>4. Ce feedback ave\u021bi cu privire la <b>loca\u021bia \u0219i serviciile<\/b> oferite?<\/span> <br \/><!--<span style=\"font-size: 18px\">How would you rate your <b>overall experience<\/b> at the event?<\/span>-->\n    <div target_pos=\"note-what-is-your-feedback-on-the-location-services-provided\" class=\"star_rating_class\" score=\"\"><\/div><span  class=\"wpcf7-form-control-wrap note-what-is-your-feedback-on-the-location-services-provided\" data-name=\"note-what-is-your-feedback-on-the-location-services-provided\"><input type=\"hidden\" name=\"note-what-is-your-feedback-on-the-location-services-provided\" class=\"custom_radio_class note-what-is-your-feedback-on-the-location-services-provided\" value=\"\"\/><\/span>\n    <span style=\"font-size: 15px; color: #ae9a64; display: block\">1 - Nemultumit, 2 - Neutru, 3 - Satisfacut, 4 - Foarte satisfacut, 5 - Peste asteptari<\/span>\n  <\/h6>\n<\/div>\n<div class=\"step5 event-feedback\">\n  <h6 class=\"titleQ\">\n    <span>5. <b>Alte impresii sau sugestii<\/b> pe care dori\u021bi s\u0103 le \u00eemp\u0103rt\u0103\u0219i\u021bi:<\/span> <br \/><!--<span style=\"font-size: 18px\">How would you rate your <b>overall experience<\/b> at the event?<\/span>-->\n    <span class=\"wpcf7-form-control-wrap text-other-impressions-suggestions-you-would-like-to-share\"><textarea name=\"text-other-impressions-suggestions-you-would-like-to-share\" cols=\"40\" rows=\"10\" class=\"wpcf7-form-control wpcf7-textarea\" aria-invalid=\"false\" placeholder=\"Scrie\u021bi aici:\"><\/textarea><\/span>\n  <\/h6>\n<\/div>\n<!-- --><!-- -->\n<span class=\"wpcf7-form-control-wrap lead_mkt_source\"><input type=\"hidden\" name=\"lead_mkt_source\" value=\"\" class=\"wpcf7-form-control wpcf7dtx-dynamictext wpcf7-dynamichidden\" size=\"40\" aria-invalid=\"false\" \/><\/span>\n<span class=\"wpcf7-form-control-wrap lead_mkt_source_timestamp\"><input type=\"hidden\" name=\"lead_mkt_source_timestamp\" value=\"\" class=\"wpcf7-form-control wpcf7dtx-dynamictext wpcf7-dynamichidden\" size=\"40\" aria-invalid=\"false\" \/><\/span>\n<input type=\"submit\" value=\"TRIMITE\" class=\"wpcf7-form-control has-spinner wpcf7-submit\" \/><button type=\"button\" class=\"cf7mls_back action-button\" name=\"cf7mls_back\" id=\"cf7mls-back-btn-cf7mls_step-2\">\u00cenapoi<\/button><button type=\"button\" style=\"display: none;\" class=\"cf7mls_next cf7mls_btn action-button\" name=\"cf7mls_next\" id=\"cf7mls-next-btn-cf7mls_step-2\"><img decoding=\"async\" src=\"https:\/\/dev.stejarii.ro\/wp-content\/plugins\/contact-form-7-multi-step-pro\/assets\/frontend\/img\/loader.svg\" alt=\"\" data-lazy-src=\"https:\/\/dev.stejarii.ro\/wp-content\/plugins\/contact-form-7-multi-step-pro\/assets\/frontend\/img\/loader.svg\" style=\"display: none;\" \/><\/button><\/fieldset><\/div><div class=\"wpcf7-response-output\" aria-hidden=\"true\"><\/div><input type=\"hidden\" name=\"trp-form-language\" value=\"ro\"\/><\/form><\/div><div class=\"w-html\"><style>\n\/* step1 *\/\n.step1-first .event-feedback { border:1px solid transparent } span.linkGdpr { color: #cacaca !important; font-size: 17px !important; letter-spacing: 0.8px !important; display: inline-block; padding: 0.5rem 0; margin-left:-15px}\n\/* step2 *\/\n.hiddenCss { display:none }\n.event-feedback p { padding-bottom: 10px!important; }\n.rating-membru label { \nfont-size: 23px !important;\nletter-spacing: 2px !important;\nline-height: 35px; }\n.event-feedback label { display: block; padding-bottom: 0px }\n.event-feedback label { margin-bottom:-8px }\n.event-feedback label span.wpcf7-list-item-label { font-weight:normal!important }\n.event-feedback textarea { height: 130px!important; max-height: 150px!important; min-height: 120px; }\ninput[type=\"radio\"]:checked + .wpcf7-list-item-label:before { top: 0.5em!important; border: none!important}\n\/* step3 *\/\n.event-feedback .group-col2 { display:inline-flex }\n[data-class=\"wpcf7cf_group\"] { margin-right:25px }\n@media only screen and (max-width:850px) { \n\/* css bugs *\/ #wpcf7-f3144-p3135-o1 { display: -webkit-box } }\n@media only screen and (max-width: 600px) { .event-feedback .group-col2 { display:block } }\n.step6 span.wpcf7-list-item { display: block; margin-bottom: 10px }\n\/* step4 *\/\n.divSelectAp { display:flex } .inpt-block, .inpt-scara, .inpt-ap { width: 120px; margin-right: 15px; } .Q12-ap-client input{ width:100%; border-color: transparent!important } @media only screen and (max-width: 800px) {.divSelectAp { display:block} .inpt-block, .inpt-scara, .inpt-ap { width: 100% } .inpt-block, .inpt-scara { margin-bottom:30px } .divSelectAp .inlinie {display:block!important; margin-top: 0px!important; margin-bottom: 20px; }} .divSelectAp .inlinie {display:flex;float:left;margin-top:10px}\nselect.cssCommPref, select.selectComplex { width: 320px }\n\/* css rating *\/\nimg.raty-cancel { display:none }\n\/* css checkbox *\/\n.wpcf7-form-control.wpcf7-checkbox { display: grid }\n.wpcf7-form span.wpcf7-list-item:not(:last-child) { margin-bottom:10px!important }\n.wpcf7-checkbox .wpcf7-list-item-label { font-size:18px}\n<\/style><\/div><\/div><\/div><\/div><div class=\"vc_col-sm-2 wpb_column vc_column_container\"><div class=\"vc_column-inner\"><div class=\"wpb_wrapper\"><\/div><\/div><\/div><\/div><\/div><\/div><\/div><\/div><\/div><\/section>","protected":false},"excerpt":{"rendered":"Stejarii Residential &amp; Range Rover | MATCA Experience. September 28, 2024 6PM\u00a0&#8211;\u00a010PM Sper\u0103m c\u0103 v-a\u021bi bucurat de experien\u021ba Stejarii Residential &amp; Range Rover | MATCA Experience \u0219i c\u0103 a fost o c\u0103l\u0103torie memorabil\u0103 de rafinament, design \u0219i natur\u0103. Stejarii 2025 services and events survey First name &amp; Last name Email address Select Complex ---Stejarii Residential...","protected":false},"author":11,"featured_media":0,"parent":0,"menu_order":0,"comment_status":"closed","ping_status":"closed","template":"","meta":{"_acf_changed":false,"_lmt_disableupdate":"no","_lmt_disable":"","footnotes":""},"class_list":["post-3748","page","type-page","status-publish","hentry"],"acf":[],"_links":{"self":[{"href":"https:\/\/dev.stejarii.ro\/ro\/wp-json\/wp\/v2\/pages\/3748","targetHints":{"allow":["GET"]}}],"collection":[{"href":"https:\/\/dev.stejarii.ro\/ro\/wp-json\/wp\/v2\/pages"}],"about":[{"href":"https:\/\/dev.stejarii.ro\/ro\/wp-json\/wp\/v2\/types\/page"}],"author":[{"embeddable":true,"href":"https:\/\/dev.stejarii.ro\/ro\/wp-json\/wp\/v2\/users\/11"}],"replies":[{"embeddable":true,"href":"https:\/\/dev.stejarii.ro\/ro\/wp-json\/wp\/v2\/comments?post=3748"}],"version-history":[{"count":19,"href":"https:\/\/dev.stejarii.ro\/ro\/wp-json\/wp\/v2\/pages\/3748\/revisions"}],"predecessor-version":[{"id":3775,"href":"https:\/\/dev.stejarii.ro\/ro\/wp-json\/wp\/v2\/pages\/3748\/revisions\/3775"}],"wp:attachment":[{"href":"https:\/\/dev.stejarii.ro\/ro\/wp-json\/wp\/v2\/media?parent=3748"}],"curies":[{"name":"wp","href":"https:\/\/api.w.org\/{rel}","templated":true}]}}