{"id":3781,"date":"2025-09-11T16:56:12","date_gmt":"2025-09-11T13:56:12","guid":{"rendered":"https:\/\/stejarii.ro\/?page_id=3781"},"modified":"2025-09-15T14:42:43","modified_gmt":"2025-09-15T11:42:43","slug":"breakfastlinea","status":"publish","type":"page","link":"https:\/\/dev.stejarii.ro\/ro\/breakfastlinea\/","title":{"rendered":"Breakfast linea"},"content":{"rendered":"<section class=\"l-section wpb_row height_medium full_height valign_center width_full with_img\"><div class=\"l-section-img\" data-img-width=\"1920\" data-img-height=\"1029\" style=\"background-image: url(https:\/\/dev.stejarii.ro\/wp-content\/uploads\/2025\/09\/header-menu-stejarii-min.jpg);background-position: top center;background-repeat: no-repeat;\"><\/div><div class=\"l-section-h i-cf\"><div class=\"g-cols vc_row via_flex valign_middle type_default stacking_default\"><div class=\"vc_col-sm-12 wpb_column vc_column_container\"><div class=\"vc_column-inner\"><div class=\"wpb_wrapper\"><div class=\"g-cols wpb_row us_custom_897fe85d via_flex valign_top type_default stacking_default\"><div class=\"vc_col-sm-6 wpb_column vc_column_container\"><div class=\"vc_column-inner\"><div class=\"wpb_wrapper\"><div class=\"wpb_text_column us_custom_57178bc7\"><div class=\"wpb_wrapper\"><p style=\"text-align: center;\"><span class=\"colorStejarii\">Exclusiv<\/span><br \/>\nLINEA | CLOSER TO THE MOON<br \/>\n<span class=\"colorStejarii\">Mic dejun LA STEJARII<\/span><\/p>\n<\/div><\/div><h1 class=\"w-text us_custom_9dbbdff4 fontCursiv\"><span class=\"w-text-h\"><span class=\"w-text-value\">Gusturi rafinate. Dimineti pline de energie.<\/span><\/span><\/h1><\/div><\/div><\/div><div class=\"vc_col-sm-6 wpb_column vc_column_container\"><div class=\"vc_column-inner\"><div class=\"wpb_wrapper\"><div class=\"w-vwrapper align_center valign_middle\" style=\"--vwrapper-gap:2.6rem\"><div class=\"w-image us_custom_069e9019 align_center\"><div class=\"w-image-h\"><img loading=\"lazy\" decoding=\"async\" width=\"342\" height=\"125\" src=\"https:\/\/dev.stejarii.ro\/wp-content\/uploads\/2025\/09\/textLinea.png\" class=\"attachment-full size-full\" alt=\"\" srcset=\"https:\/\/dev.stejarii.ro\/wp-content\/uploads\/2025\/09\/textLinea.png 342w, https:\/\/dev.stejarii.ro\/wp-content\/uploads\/2025\/09\/textLinea-300x110.png 300w, https:\/\/dev.stejarii.ro\/wp-content\/uploads\/2025\/09\/textLinea-18x7.png 18w, https:\/\/dev.stejarii.ro\/wp-content\/uploads\/2025\/09\/textLinea-250x91.png 250w, https:\/\/dev.stejarii.ro\/wp-content\/uploads\/2025\/09\/textLinea-200x73.png 200w, https:\/\/dev.stejarii.ro\/wp-content\/uploads\/2025\/09\/textLinea-120x44.png 120w\" sizes=\"auto, (max-width: 342px) 100vw, 342px\" \/><\/div><\/div><div class=\"w-image us_custom_fccd955a align_center\"><div class=\"w-image-h\"><img loading=\"lazy\" decoding=\"async\" width=\"177\" height=\"176\" src=\"https:\/\/dev.stejarii.ro\/wp-content\/uploads\/2025\/09\/logo-stejarii.jpg\" class=\"attachment-full size-full\" alt=\"\" srcset=\"https:\/\/dev.stejarii.ro\/wp-content\/uploads\/2025\/09\/logo-stejarii.jpg 177w, https:\/\/dev.stejarii.ro\/wp-content\/uploads\/2025\/09\/logo-stejarii-150x150.jpg 150w, https:\/\/dev.stejarii.ro\/wp-content\/uploads\/2025\/09\/logo-stejarii-12x12.jpg 12w, https:\/\/dev.stejarii.ro\/wp-content\/uploads\/2025\/09\/logo-stejarii-91x90.jpg 91w\" sizes=\"auto, (max-width: 177px) 100vw, 177px\" \/><\/div><\/div><\/div><\/div><\/div><\/div><\/div><div class=\"w-separator size_large\"><\/div><div class=\"w-separator size_small\"><\/div><div class=\"g-cols wpb_row via_flex valign_top type_default stacking_default\"><div class=\"vc_col-sm-3 wpb_column vc_column_container\"><div class=\"vc_column-inner\"><div class=\"wpb_wrapper\"><\/div><\/div><\/div><div class=\"vc_col-sm-6 wpb_column vc_column_container\"><div class=\"vc_column-inner\"><div class=\"wpb_wrapper\"><div class=\"wpb_text_column us_custom_ed631529\"><div class=\"wpb_wrapper\"><p style=\"text-align: center;\"><span class=\"colorStejarii\">Meniu <\/span><\/p>\n<\/div><\/div><p class=\"w-text us_custom_fffd245d fontCursiv\"><span class=\"w-text-h\"><span class=\"w-text-value\">Bar<\/span><\/span><\/p><\/div><\/div><\/div><div class=\"vc_col-sm-3 wpb_column vc_column_container\"><div class=\"vc_column-inner\"><div class=\"wpb_wrapper\"><\/div><\/div><\/div><\/div><div class=\"w-separator size_large\"><\/div><div class=\"w-iconbox iconpos_top style_default color_primary align_center no_title no_text\"><a href=\"#next-section\" class=\"w-iconbox-link\" aria-label=\"fad|chevron-double-down\"><div class=\"w-iconbox-icon\" style=\"font-size:2rem;\"><i class=\"fad fa-chevron-double-down\"><\/i><\/div><\/a><div class=\"w-iconbox-meta\"><\/div><\/div><\/div><\/div><\/div><\/div><\/div><\/section><section class=\"l-section wpb_row us_custom_623ba360 height_medium width_full\" id=\"next-section\"><div class=\"l-section-h i-cf\"><div class=\"g-cols vc_row via_flex valign_top type_default stacking_default\"><div class=\"vc_col-sm-12 wpb_column vc_column_container\"><div class=\"vc_column-inner\"><div class=\"wpb_wrapper\"><div class=\"g-cols wpb_row via_flex valign_top type_default stacking_default\"><div class=\"vc_col-sm-12 wpb_column vc_column_container\"><div class=\"vc_column-inner\"><div class=\"wpb_wrapper\"><div class=\"wpb_text_column us_custom_57178bc7\"><div class=\"wpb_wrapper\"><p style=\"text-align: center;\"><span class=\"colorStejarii\">B\u0103uturi r\u0103coritoare de cas\u0103<\/span><\/p>\n<\/div><\/div><div class=\"w-image align_right\"><div class=\"w-image-h\"><img loading=\"lazy\" decoding=\"async\" width=\"1594\" height=\"6\" src=\"https:\/\/dev.stejarii.ro\/wp-content\/uploads\/2025\/09\/separator-right.png\" class=\"attachment-full size-full\" alt=\"\" srcset=\"https:\/\/dev.stejarii.ro\/wp-content\/uploads\/2025\/09\/separator-right.png 1594w, https:\/\/dev.stejarii.ro\/wp-content\/uploads\/2025\/09\/separator-right-300x1.png 300w, https:\/\/dev.stejarii.ro\/wp-content\/uploads\/2025\/09\/separator-right-1024x4.png 1024w, https:\/\/dev.stejarii.ro\/wp-content\/uploads\/2025\/09\/separator-right-18x1.png 18w, https:\/\/dev.stejarii.ro\/wp-content\/uploads\/2025\/09\/separator-right-600x2.png 600w, https:\/\/dev.stejarii.ro\/wp-content\/uploads\/2025\/09\/separator-right-800x3.png 800w, https:\/\/dev.stejarii.ro\/wp-content\/uploads\/2025\/09\/separator-right-250x1.png 250w, https:\/\/dev.stejarii.ro\/wp-content\/uploads\/2025\/09\/separator-right-200x1.png 200w, https:\/\/dev.stejarii.ro\/wp-content\/uploads\/2025\/09\/separator-right-500x2.png 500w, https:\/\/dev.stejarii.ro\/wp-content\/uploads\/2025\/09\/separator-right-120x1.png 120w\" sizes=\"auto, (max-width: 1594px) 100vw, 1594px\" \/><\/div><\/div><\/div><\/div><\/div><\/div><div class=\"g-cols wpb_row us_custom_96f0f890 via_flex valign_top type_default stacking_default\"><div class=\"vc_col-sm-3 wpb_column vc_column_container\"><div class=\"vc_column-inner\"><div class=\"wpb_wrapper\"><\/div><\/div><\/div><div class=\"vc_col-sm-6 wpb_column vc_column_container\"><div class=\"vc_column-inner\"><div class=\"wpb_wrapper\"><div class=\"wpb_text_column us_custom_098ec974\"><div class=\"wpb_wrapper\"><table style=\"height: 149px;\" width=\"328\">\n<tbody>\n<tr>\n<td width=\"80%\">Fanta f\u0103cut\u0103 \u00cen cas\u0103<\/td>\n<td>31 LEI<\/td>\n<\/tr>\n<tr>\n<td>Cola f\u0103cut\u0103 \u00cen cas\u0103<\/td>\n<td>31 LEI<\/td>\n<\/tr>\n<tr>\n<td>Cordial de gref<\/td>\n<td>31 LEI<\/td>\n<\/tr>\n<tr>\n<td>Limonad\u0103 cu fructe de p\u0103dure<\/td>\n<td>31 LEI<\/td>\n<\/tr>\n<tr>\n<td>Fresh de portocale<\/td>\n<td>31 LEI<\/td>\n<\/tr>\n<\/tbody>\n<\/table>\n<\/div><\/div><\/div><\/div><\/div><div class=\"vc_col-sm-3 wpb_column vc_column_container\"><div class=\"vc_column-inner\"><div class=\"wpb_wrapper\"><\/div><\/div><\/div><\/div><div class=\"w-separator size_medium\"><\/div><div class=\"g-cols wpb_row via_flex valign_top type_default stacking_default\"><div class=\"vc_col-sm-12 wpb_column vc_column_container\"><div class=\"vc_column-inner\"><div class=\"wpb_wrapper\"><div class=\"wpb_text_column us_custom_57178bc7\"><div class=\"wpb_wrapper\"><p style=\"text-align: center;\"><span class=\"colorStejarii\">Ap\u0103<\/span><\/p>\n<\/div><\/div><div class=\"w-image align_left\"><div class=\"w-image-h\"><img loading=\"lazy\" decoding=\"async\" width=\"1594\" height=\"6\" src=\"https:\/\/dev.stejarii.ro\/wp-content\/uploads\/2025\/09\/separator-left.png\" class=\"attachment-full size-full\" alt=\"\" srcset=\"https:\/\/dev.stejarii.ro\/wp-content\/uploads\/2025\/09\/separator-left.png 1594w, https:\/\/dev.stejarii.ro\/wp-content\/uploads\/2025\/09\/separator-left-300x1.png 300w, https:\/\/dev.stejarii.ro\/wp-content\/uploads\/2025\/09\/separator-left-1024x4.png 1024w, https:\/\/dev.stejarii.ro\/wp-content\/uploads\/2025\/09\/separator-left-18x1.png 18w, https:\/\/dev.stejarii.ro\/wp-content\/uploads\/2025\/09\/separator-left-600x2.png 600w, https:\/\/dev.stejarii.ro\/wp-content\/uploads\/2025\/09\/separator-left-800x3.png 800w, https:\/\/dev.stejarii.ro\/wp-content\/uploads\/2025\/09\/separator-left-250x1.png 250w, https:\/\/dev.stejarii.ro\/wp-content\/uploads\/2025\/09\/separator-left-200x1.png 200w, https:\/\/dev.stejarii.ro\/wp-content\/uploads\/2025\/09\/separator-left-500x2.png 500w, https:\/\/dev.stejarii.ro\/wp-content\/uploads\/2025\/09\/separator-left-120x1.png 120w\" sizes=\"auto, (max-width: 1594px) 100vw, 1594px\" \/><\/div><\/div><\/div><\/div><\/div><\/div><div class=\"g-cols wpb_row us_custom_96f0f890 via_flex valign_top type_default stacking_default\"><div class=\"vc_col-sm-3 wpb_column vc_column_container\"><div class=\"vc_column-inner\"><div class=\"wpb_wrapper\"><\/div><\/div><\/div><div class=\"vc_col-sm-6 wpb_column vc_column_container\"><div class=\"vc_column-inner\"><div class=\"wpb_wrapper\"><div class=\"wpb_text_column us_custom_098ec974\"><div class=\"wpb_wrapper\"><table style=\"height: 77px;\" width=\"300\">\n<tbody>\n<tr>\n<td width=\"80%\">Plat\u0103 <span class=\"colorMic\">0,500 ml<\/span><\/td>\n<td>26 LEI<\/td>\n<\/tr>\n<tr>\n<td>Mineral\u0103 <span class=\"colorMic\">0,500 ml<\/span><\/td>\n<td>26 LEI<\/td>\n<\/tr>\n<\/tbody>\n<\/table>\n<\/div><\/div><\/div><\/div><\/div><div class=\"vc_col-sm-3 wpb_column vc_column_container\"><div class=\"vc_column-inner\"><div class=\"wpb_wrapper\"><\/div><\/div><\/div><\/div><div class=\"w-separator size_medium\"><\/div><div class=\"g-cols wpb_row via_flex valign_top type_default stacking_default\"><div class=\"vc_col-sm-12 wpb_column vc_column_container\"><div class=\"vc_column-inner\"><div class=\"wpb_wrapper\"><div class=\"wpb_text_column us_custom_57178bc7\"><div class=\"wpb_wrapper\"><p style=\"text-align: center;\"><span class=\"colorStejarii\">Cafea<\/span><\/p>\n<\/div><\/div><div class=\"w-image align_right\"><div class=\"w-image-h\"><img loading=\"lazy\" decoding=\"async\" width=\"1594\" height=\"6\" src=\"https:\/\/dev.stejarii.ro\/wp-content\/uploads\/2025\/09\/separator-right.png\" class=\"attachment-full size-full\" alt=\"\" srcset=\"https:\/\/dev.stejarii.ro\/wp-content\/uploads\/2025\/09\/separator-right.png 1594w, https:\/\/dev.stejarii.ro\/wp-content\/uploads\/2025\/09\/separator-right-300x1.png 300w, https:\/\/dev.stejarii.ro\/wp-content\/uploads\/2025\/09\/separator-right-1024x4.png 1024w, https:\/\/dev.stejarii.ro\/wp-content\/uploads\/2025\/09\/separator-right-18x1.png 18w, https:\/\/dev.stejarii.ro\/wp-content\/uploads\/2025\/09\/separator-right-600x2.png 600w, https:\/\/dev.stejarii.ro\/wp-content\/uploads\/2025\/09\/separator-right-800x3.png 800w, https:\/\/dev.stejarii.ro\/wp-content\/uploads\/2025\/09\/separator-right-250x1.png 250w, https:\/\/dev.stejarii.ro\/wp-content\/uploads\/2025\/09\/separator-right-200x1.png 200w, https:\/\/dev.stejarii.ro\/wp-content\/uploads\/2025\/09\/separator-right-500x2.png 500w, https:\/\/dev.stejarii.ro\/wp-content\/uploads\/2025\/09\/separator-right-120x1.png 120w\" sizes=\"auto, (max-width: 1594px) 100vw, 1594px\" \/><\/div><\/div><\/div><\/div><\/div><\/div><div class=\"g-cols wpb_row us_custom_96f0f890 via_flex valign_top type_default stacking_default\"><div class=\"vc_col-sm-3 wpb_column vc_column_container\"><div class=\"vc_column-inner\"><div class=\"wpb_wrapper\"><\/div><\/div><\/div><div class=\"vc_col-sm-6 wpb_column vc_column_container\"><div class=\"vc_column-inner\"><div class=\"wpb_wrapper\"><div class=\"wpb_text_column us_custom_098ec974\"><div class=\"wpb_wrapper\"><table style=\"height: 186px;\" width=\"300\">\n<tbody>\n<tr>\n<td width=\"80%\">Espresso<\/td>\n<td>18 LEI<\/td>\n<\/tr>\n<tr>\n<td>Latte<\/td>\n<td>23 LEI<\/td>\n<\/tr>\n<tr>\n<td>Cappucinno<\/td>\n<td>23 LEI<\/td>\n<\/tr>\n<tr>\n<td>Cortado<\/td>\n<td>21 LEI<\/td>\n<\/tr>\n<tr>\n<td>Cold brew<\/td>\n<td>23 LEI<\/td>\n<\/tr>\n<tr>\n<td>Espresso Decof<\/td>\n<td>18 LEI<\/td>\n<\/tr>\n<\/tbody>\n<\/table>\n<\/div><\/div><\/div><\/div><\/div><div class=\"vc_col-sm-3 wpb_column vc_column_container\"><div class=\"vc_column-inner\"><div class=\"wpb_wrapper\"><\/div><\/div><\/div><\/div><div class=\"w-separator size_medium\"><\/div><div class=\"g-cols wpb_row via_flex valign_top type_default stacking_default\"><div class=\"vc_col-sm-12 wpb_column vc_column_container\"><div class=\"vc_column-inner\"><div class=\"wpb_wrapper\"><div class=\"wpb_text_column us_custom_57178bc7\"><div class=\"wpb_wrapper\"><p style=\"text-align: center;\"><span class=\"colorStejarii\">B\u0103uturi alcoolice<\/span><\/p>\n<\/div><\/div><div class=\"w-image align_left\"><div class=\"w-image-h\"><img loading=\"lazy\" decoding=\"async\" width=\"1594\" height=\"6\" src=\"https:\/\/dev.stejarii.ro\/wp-content\/uploads\/2025\/09\/separator-left.png\" class=\"attachment-full size-full\" alt=\"\" srcset=\"https:\/\/dev.stejarii.ro\/wp-content\/uploads\/2025\/09\/separator-left.png 1594w, https:\/\/dev.stejarii.ro\/wp-content\/uploads\/2025\/09\/separator-left-300x1.png 300w, https:\/\/dev.stejarii.ro\/wp-content\/uploads\/2025\/09\/separator-left-1024x4.png 1024w, https:\/\/dev.stejarii.ro\/wp-content\/uploads\/2025\/09\/separator-left-18x1.png 18w, https:\/\/dev.stejarii.ro\/wp-content\/uploads\/2025\/09\/separator-left-600x2.png 600w, https:\/\/dev.stejarii.ro\/wp-content\/uploads\/2025\/09\/separator-left-800x3.png 800w, https:\/\/dev.stejarii.ro\/wp-content\/uploads\/2025\/09\/separator-left-250x1.png 250w, https:\/\/dev.stejarii.ro\/wp-content\/uploads\/2025\/09\/separator-left-200x1.png 200w, https:\/\/dev.stejarii.ro\/wp-content\/uploads\/2025\/09\/separator-left-500x2.png 500w, https:\/\/dev.stejarii.ro\/wp-content\/uploads\/2025\/09\/separator-left-120x1.png 120w\" sizes=\"auto, (max-width: 1594px) 100vw, 1594px\" \/><\/div><\/div><\/div><\/div><\/div><\/div><div class=\"g-cols wpb_row us_custom_96f0f890 via_flex valign_top type_default stacking_default\"><div class=\"vc_col-sm-3 wpb_column vc_column_container\"><div class=\"vc_column-inner\"><div class=\"wpb_wrapper\"><\/div><\/div><\/div><div class=\"vc_col-sm-6 wpb_column vc_column_container\"><div class=\"vc_column-inner\"><div class=\"wpb_wrapper\"><div class=\"wpb_text_column us_custom_098ec974\"><div class=\"wpb_wrapper\"><table style=\"height: 77px;\" width=\"300\">\n<tbody>\n<tr>\n<td width=\"80%\">Porn Star Spritz<\/td>\n<td>49 LEI<\/td>\n<\/tr>\n<tr>\n<td>Nuts Amaretto Sour<\/td>\n<td>49 LEI<\/td>\n<\/tr>\n<tr>\n<td>Palomita<\/td>\n<td>49 LEI<\/td>\n<\/tr>\n<tr>\n<td>Tiny Tonic<\/td>\n<td>49 LEI<\/td>\n<\/tr>\n<tr>\n<td>Aperol Spritz<\/td>\n<td>49 LEI<\/td>\n<\/tr>\n<tr>\n<td>Hugo<\/td>\n<td>49 LEI<\/td>\n<\/tr>\n<tr>\n<td>MADRI<\/td>\n<td>22 LEI<\/td>\n<\/tr>\n<tr>\n<td>CORONA<\/td>\n<td>32 LEI<\/td>\n<\/tr>\n<tr>\n<td>Champagne Veuve Clicquot<\/td>\n<td>70 LEI <span class=\"colorMic\">paharul<\/span><\/td>\n<\/tr>\n<tr>\n<td>Champagne Veuve Clicquot<\/td>\n<td>350 LEI <span class=\"colorMic\">sticla<\/span><\/td>\n<\/tr>\n<tr>\n<td>ROEDER<\/td>\n<td>90LEI <span class=\"colorMic\">paharul<\/span><\/td>\n<\/tr>\n<tr>\n<td>ROEDER<\/td>\n<td>450 LEI <span class=\"colorMic\">sticla<\/span><\/td>\n<\/tr>\n<tr>\n<td>MIMOSA<\/td>\n<td>78 LEI<\/td>\n<\/tr>\n<tr>\n<td>Rasova Sur Mer alb<\/td>\n<td>52 LEI <span class=\"colorMic\">paharul<\/span><\/td>\n<\/tr>\n<tr>\n<td>Rasova Sur Mer alb<\/td>\n<td>260 LEI <span class=\"colorMic\">sticla<\/span><\/td>\n<\/tr>\n<tr>\n<td>Rasova Sur Mer Rose<\/td>\n<td>52 LEI <span class=\"colorMic\">paharul<\/span><\/td>\n<\/tr>\n<tr>\n<td>Rasova Sur Mer Rose<\/td>\n<td>260 LEI <span class=\"colorMic\">sticla<\/span><\/td>\n<\/tr>\n<\/tbody>\n<\/table>\n<\/div><\/div><\/div><\/div><\/div><div class=\"vc_col-sm-3 wpb_column vc_column_container\"><div class=\"vc_column-inner\"><div class=\"wpb_wrapper\"><\/div><\/div><\/div><\/div><\/div><\/div><\/div><\/div><\/div><\/section><section class=\"l-section wpb_row us_custom_623ba360 height_medium width_full with_img\" id=\"next-section\"><div class=\"l-section-img\" data-img-width=\"2383\" data-img-height=\"2383\" style=\"background-image: url(https:\/\/dev.stejarii.ro\/wp-content\/uploads\/2025\/09\/element-cerc.png);background-position: top center;background-repeat: no-repeat;background-size: contain;\"><\/div><div class=\"l-section-h i-cf\"><div class=\"g-cols vc_row via_flex valign_top type_default stacking_default\"><div class=\"vc_col-sm-12 wpb_column vc_column_container\"><div class=\"vc_column-inner\"><div class=\"wpb_wrapper\"><div class=\"g-cols wpb_row via_flex valign_top type_default stacking_default\"><div class=\"vc_col-sm-3 wpb_column vc_column_container\"><div class=\"vc_column-inner\"><div class=\"wpb_wrapper\"><\/div><\/div><\/div><div class=\"vc_col-sm-6 wpb_column vc_column_container\"><div class=\"vc_column-inner\"><div class=\"wpb_wrapper\"><div class=\"wpb_text_column us_custom_ed631529\"><div class=\"wpb_wrapper\"><p style=\"text-align: center;\"><span class=\"colorStejarii\">Meniu <\/span><\/p>\n<\/div><\/div><p class=\"w-text us_custom_fffd245d fontCursiv\"><span class=\"w-text-h\"><span class=\"w-text-value\">Brunch<\/span><\/span><\/p><\/div><\/div><\/div><div class=\"vc_col-sm-3 wpb_column vc_column_container\"><div class=\"vc_column-inner\"><div class=\"wpb_wrapper\"><\/div><\/div><\/div><\/div><div class=\"w-separator size_medium\"><\/div><div class=\"g-cols wpb_row us_custom_96f0f890 via_flex valign_top type_default stacking_default\"><div class=\"vc_col-sm-3 wpb_column vc_column_container\"><div class=\"vc_column-inner\"><div class=\"wpb_wrapper\"><\/div><\/div><\/div><div class=\"vc_col-sm-6 wpb_column vc_column_container\"><div class=\"vc_column-inner\"><div class=\"wpb_wrapper\"><div class=\"wpb_text_column us_custom_098ec974\"><div class=\"wpb_wrapper\"><table style=\"height: 149px;\" width=\"328\">\n<tbody>\n<tr>\n<td width=\"80%\">Croissant cu guacamole, cartof dulce, spanac baby, pesto de busuioc<\/td>\n<td>48 LEI<\/td>\n<\/tr>\n<tr>\n<td>Croissant cu prosciutto cotto, rucola, unt mediteranean, ro\u0219ii multicolore<\/td>\n<td>48 LEI<\/td>\n<\/tr>\n<\/tbody>\n<\/table>\n<\/div><\/div><\/div><\/div><\/div><div class=\"vc_col-sm-3 wpb_column vc_column_container\"><div class=\"vc_column-inner\"><div class=\"wpb_wrapper\"><\/div><\/div><\/div><\/div><div class=\"w-separator size_medium\"><\/div><div class=\"g-cols wpb_row us_custom_96f0f890 via_flex valign_top type_default stacking_default\"><div class=\"vc_col-sm-3 wpb_column vc_column_container\"><div class=\"vc_column-inner\"><div class=\"wpb_wrapper\"><\/div><\/div><\/div><div class=\"vc_col-sm-6 wpb_column vc_column_container\"><div class=\"vc_column-inner\"><div class=\"wpb_wrapper\"><div class=\"wpb_text_column us_custom_098ec974\"><div class=\"wpb_wrapper\"><table style=\"height: 77px;\" width=\"300\">\n<tbody>\n<tr>\n<td width=\"80%\">Focaccia cu buratta, ro\u0219ii<br \/>\nmulticolore, pesto de busuioc<br \/>\ncu fistic, rucola<\/td>\n<td>59 LEI<\/td>\n<\/tr>\n<tr>\n<td>Focaccia cu mortadella, crem\u0103<br \/>\nde br\u00e2nz\u0103 cu fistic, rucola, ro\u0219ii<br \/>\nmulticolore, pesto de busuioc<\/td>\n<td>54 LEI<\/td>\n<\/tr>\n<\/tbody>\n<\/table>\n<\/div><\/div><\/div><\/div><\/div><div class=\"vc_col-sm-3 wpb_column vc_column_container\"><div class=\"vc_column-inner\"><div class=\"wpb_wrapper\"><\/div><\/div><\/div><\/div><div class=\"w-separator size_medium\"><\/div><div class=\"g-cols wpb_row us_custom_96f0f890 via_flex valign_top type_default stacking_default\"><div class=\"vc_col-sm-3 wpb_column vc_column_container\"><div class=\"vc_column-inner\"><div class=\"wpb_wrapper\"><\/div><\/div><\/div><div class=\"vc_col-sm-6 wpb_column vc_column_container\"><div class=\"vc_column-inner\"><div class=\"wpb_wrapper\"><div class=\"wpb_text_column us_custom_098ec974\"><div class=\"wpb_wrapper\"><table style=\"height: 186px;\" width=\"300\">\n<tbody>\n<tr>\n<td width=\"80%\">Ou\u0103 turce\u0219ti cu rucola, chipsuri de r\u0103d\u0103cinoase, ulei De ceap\u0103 verde<\/td>\n<td>41 LEI<\/td>\n<\/tr>\n<tr>\n<td>Ou\u0103 scrambled cu somon gravlax, guacamole, ro\u0219ii multicolore, spanac baby, ulei de ceap\u0103 verde<\/td>\n<td>59 LEI<\/td>\n<\/tr>\n<tr>\n<td>Ou\u0103 scrambled cu guacamole, ro\u0219ii multicolore, spanac baby, ulei de ceap\u0103 verde<\/td>\n<td>54 LEI<\/td>\n<\/tr>\n<tr>\n<td>Omlet\u0103 fran\u021buzeasc\u0103 cu prosciutto cotto, pesto de busuioc, crem\u0103 de br\u00e2nz\u0103 de capr\u0103, spanac baby, ro\u0219ii multicolore, ridichi, castrave\u021bi<\/td>\n<td>46 LEI<\/td>\n<\/tr>\n<tr>\n<td>Omlet\u0103 fran\u021buzeasc\u0103 CU pesto de busuioc, crem\u0103 de br\u00e2nz\u0103 de capr\u0103, spanac baby, ro\u0219ii multicolore, ridichi, castrave\u021bi<\/td>\n<td>44 LEI<\/td>\n<\/tr>\n<tr>\n<td>Ou po\u015fat cu focaccia, m\u00e2nc\u0103ric\u0103 de spanac, ro\u0219ii multicolore, sos olandez, ulei de ceap\u0103 verde, pesto de busuioc<\/td>\n<td>48 LEI<\/td>\n<\/tr>\n<\/tbody>\n<\/table>\n<\/div><\/div><\/div><\/div><\/div><div class=\"vc_col-sm-3 wpb_column vc_column_container\"><div class=\"vc_column-inner\"><div class=\"wpb_wrapper\"><\/div><\/div><\/div><\/div><div class=\"w-separator size_medium\"><\/div><div class=\"g-cols wpb_row us_custom_96f0f890 via_flex valign_top type_default stacking_default\"><div class=\"vc_col-sm-3 wpb_column vc_column_container\"><div class=\"vc_column-inner\"><div class=\"wpb_wrapper\"><\/div><\/div><\/div><div class=\"vc_col-sm-6 wpb_column vc_column_container\"><div class=\"vc_column-inner\"><div class=\"wpb_wrapper\"><div class=\"wpb_text_column us_custom_098ec974\"><div class=\"wpb_wrapper\"><table style=\"height: 77px;\" width=\"300\">\n<tbody>\n<tr>\n<td width=\"80%\">Iaurt grecesc cu miere, nuci, curmale, fistic, ment\u0103<\/td>\n<td>33 LEI<\/td>\n<\/tr>\n<tr>\n<td>Friganea cu caramel s\u0103rat \u015fi crem\u0103 de vanilie<\/td>\n<td>33 LEI<\/td>\n<\/tr>\n<tr>\n<td>Banana bread<\/td>\n<td>15 LEI<\/td>\n<\/tr>\n<tr>\n<td>Pumpkin bread<\/td>\n<td>15 LEI<\/td>\n<\/tr>\n<\/tbody>\n<\/table>\n<\/div><\/div><\/div><\/div><\/div><div class=\"vc_col-sm-3 wpb_column vc_column_container\"><div class=\"vc_column-inner\"><div class=\"wpb_wrapper\"><\/div><\/div><\/div><\/div><\/div><\/div><\/div><\/div><\/div><\/section>","protected":false},"excerpt":{"rendered":"Exclusiv LINEA | CLOSER TO THE MOON Mic dejun LA STEJARII Gusturi rafinate. Dimineti pline de energie.Meniu BarB\u0103uturi r\u0103coritoare de cas\u0103 Fanta f\u0103cut\u0103 \u00cen cas\u0103 31 LEI Cola f\u0103cut\u0103 \u00cen cas\u0103 31 LEI Cordial de gref 31 LEI Limonad\u0103 cu fructe de p\u0103dure 31 LEI Fresh de portocale 31 LEI Ap\u0103 Plat\u0103 0,500 ml 26...","protected":false},"author":11,"featured_media":0,"parent":0,"menu_order":0,"comment_status":"closed","ping_status":"closed","template":"","meta":{"_acf_changed":false,"_lmt_disableupdate":"no","_lmt_disable":"","footnotes":""},"class_list":["post-3781","page","type-page","status-publish","hentry"],"acf":[],"_links":{"self":[{"href":"https:\/\/dev.stejarii.ro\/ro\/wp-json\/wp\/v2\/pages\/3781","targetHints":{"allow":["GET"]}}],"collection":[{"href":"https:\/\/dev.stejarii.ro\/ro\/wp-json\/wp\/v2\/pages"}],"about":[{"href":"https:\/\/dev.stejarii.ro\/ro\/wp-json\/wp\/v2\/types\/page"}],"author":[{"embeddable":true,"href":"https:\/\/dev.stejarii.ro\/ro\/wp-json\/wp\/v2\/users\/11"}],"replies":[{"embeddable":true,"href":"https:\/\/dev.stejarii.ro\/ro\/wp-json\/wp\/v2\/comments?post=3781"}],"version-history":[{"count":25,"href":"https:\/\/dev.stejarii.ro\/ro\/wp-json\/wp\/v2\/pages\/3781\/revisions"}],"predecessor-version":[{"id":3817,"href":"https:\/\/dev.stejarii.ro\/ro\/wp-json\/wp\/v2\/pages\/3781\/revisions\/3817"}],"wp:attachment":[{"href":"https:\/\/dev.stejarii.ro\/ro\/wp-json\/wp\/v2\/media?parent=3781"}],"curies":[{"name":"wp","href":"https:\/\/api.w.org\/{rel}","templated":true}]}}